{"id":2680,"date":"2020-03-12T15:40:57","date_gmt":"2020-03-12T15:40:57","guid":{"rendered":"https:\/\/crefftmedia.com\/amdanom-ni\/"},"modified":"2024-12-01T14:22:04","modified_gmt":"2024-12-01T14:22:04","slug":"amdanom-ni","status":"publish","type":"page","link":"https:\/\/crefftmedia.com\/cy\/amdanom-ni\/","title":{"rendered":"Amdanom ni"},"content":{"rendered":"<div class=\"fusion-fullwidth fullwidth-box fusion-builder-row-1 fusion-flex-container has-pattern-background has-mask-background nonhundred-percent-fullwidth non-hundred-percent-height-scrolling\" style=\"--awb-border-color:var(--awb-color8);--awb-border-radius-top-left:0px;--awb-border-radius-top-right:0px;--awb-border-radius-bottom-right:0px;--awb-border-radius-bottom-left:0px;--awb-padding-top:0px;--awb-margin-bottom:8%;--awb-background-color:var(--awb-color8);--awb-flex-wrap:wrap;\" ><div class=\"fusion-builder-row fusion-row fusion-flex-align-items-flex-start fusion-flex-content-wrap\" style=\"max-width:1404px;margin-left: calc(-4% \/ 2 );margin-right: calc(-4% \/ 2 );\"><div class=\"fusion-layout-column fusion_builder_column fusion-builder-column-0 fusion_builder_column_1_3 1_3 fusion-flex-column fusion-animated\" style=\"--awb-padding-left:0%;--awb-bg-size:cover;--awb-width-large:33.333333333333%;--awb-margin-top-large:0px;--awb-spacing-right-large:14.4%;--awb-margin-bottom-large:20px;--awb-spacing-left-large:5.76%;--awb-width-medium:100%;--awb-spacing-right-medium:1.92%;--awb-spacing-left-medium:1.92%;--awb-width-small:100%;--awb-order-small:0;--awb-spacing-right-small:1.92%;--awb-spacing-left-small:1.92%;\" data-animationType=\"fadeInUp\" data-animationDuration=\"1.0\" data-animationOffset=\"top-into-view\"><div class=\"fusion-column-wrapper fusion-column-has-shadow fusion-flex-justify-content-flex-start fusion-content-layout-column\"><div class=\"fusion-image-element \" style=\"--awb-liftup-border-radius:0px;--awb-margin-bottom:40px;--awb-caption-title-font-family:var(--h2_typography-font-family);--awb-caption-title-font-weight:var(--h2_typography-font-weight);--awb-caption-title-font-style:var(--h2_typography-font-style);--awb-caption-title-size:var(--h2_typography-font-size);--awb-caption-title-transform:var(--h2_typography-text-transform);--awb-caption-title-line-height:var(--h2_typography-line-height);--awb-caption-title-letter-spacing:var(--h2_typography-letter-spacing);\"><div class=\"awb-image-frame awb-image-frame-1 imageframe-liftup\"><span class=\" fusion-imageframe imageframe-none imageframe-1\"><img decoding=\"async\" width=\"300\" height=\"217\" alt=\"Crefft Media team; Tudur Evans, Marged Esli and Dylan Evans\" title=\"team\" src=\"https:\/\/crefftmedia.com\/wp-content\/uploads\/2024\/10\/team-scaled.jpg\" data-orig-src=\"https:\/\/crefftmedia.com\/wp-content\/uploads\/2024\/10\/team-300x217.jpg\" class=\"lazyload img-responsive wp-image-2886\" srcset=\"data:image\/svg+xml,%3Csvg%20xmlns%3D%27http%3A%2F%2Fwww.w3.org%2F2000%2Fsvg%27%20width%3D%272560%27%20height%3D%271854%27%20viewBox%3D%270%200%202560%201854%27%3E%3Crect%20width%3D%272560%27%20height%3D%271854%27%20fill-opacity%3D%220%22%2F%3E%3C%2Fsvg%3E\" data-srcset=\"https:\/\/crefftmedia.com\/wp-content\/uploads\/2024\/10\/team-200x145.jpg 200w, https:\/\/crefftmedia.com\/wp-content\/uploads\/2024\/10\/team-400x290.jpg 400w, https:\/\/crefftmedia.com\/wp-content\/uploads\/2024\/10\/team-600x435.jpg 600w, https:\/\/crefftmedia.com\/wp-content\/uploads\/2024\/10\/team-800x580.jpg 800w, https:\/\/crefftmedia.com\/wp-content\/uploads\/2024\/10\/team-1200x869.jpg 1200w\" data-sizes=\"auto\" data-orig-sizes=\"(max-width: 900px) 100vw, (max-width: 640px) 100vw, 400px\" \/><\/span><\/div><\/div><div class=\"fusion-image-element \" style=\"--awb-margin-bottom:40px;--awb-caption-title-font-family:var(--h2_typography-font-family);--awb-caption-title-font-weight:var(--h2_typography-font-weight);--awb-caption-title-font-style:var(--h2_typography-font-style);--awb-caption-title-size:var(--h2_typography-font-size);--awb-caption-title-transform:var(--h2_typography-text-transform);--awb-caption-title-line-height:var(--h2_typography-line-height);--awb-caption-title-letter-spacing:var(--h2_typography-letter-spacing);\"><span class=\" fusion-imageframe imageframe-none imageframe-2 hover-type-none\"><img decoding=\"async\" width=\"2000\" height=\"1500\" alt=\"Corporate video production at Wylfa, Anglesey\" title=\"crefft-media-photo-124144\" src=\"https:\/\/crefftmedia.com\/wp-content\/uploads\/2024\/02\/crefft-media-photo-124144.jpg\" data-orig-src=\"https:\/\/crefftmedia.com\/wp-content\/uploads\/2024\/02\/crefft-media-photo-124144.jpg\" class=\"lazyload img-responsive wp-image-2521\" srcset=\"data:image\/svg+xml,%3Csvg%20xmlns%3D%27http%3A%2F%2Fwww.w3.org%2F2000%2Fsvg%27%20width%3D%272000%27%20height%3D%271500%27%20viewBox%3D%270%200%202000%201500%27%3E%3Crect%20width%3D%272000%27%20height%3D%271500%27%20fill-opacity%3D%220%22%2F%3E%3C%2Fsvg%3E\" data-srcset=\"https:\/\/crefftmedia.com\/wp-content\/uploads\/2024\/02\/crefft-media-photo-124144-200x150.jpg 200w, https:\/\/crefftmedia.com\/wp-content\/uploads\/2024\/02\/crefft-media-photo-124144-400x300.jpg 400w, https:\/\/crefftmedia.com\/wp-content\/uploads\/2024\/02\/crefft-media-photo-124144-600x450.jpg 600w, https:\/\/crefftmedia.com\/wp-content\/uploads\/2024\/02\/crefft-media-photo-124144-800x600.jpg 800w, https:\/\/crefftmedia.com\/wp-content\/uploads\/2024\/02\/crefft-media-photo-124144-1200x900.jpg 1200w, https:\/\/crefftmedia.com\/wp-content\/uploads\/2024\/02\/crefft-media-photo-124144.jpg 2000w\" data-sizes=\"auto\" data-orig-sizes=\"(max-width: 900px) 100vw, (max-width: 640px) 100vw, 400px\" \/><\/span><\/div><div class=\"fusion-separator fusion-no-large-visibility fusion-full-width-sep\" style=\"align-self: center;margin-left: auto;margin-right: auto;margin-bottom:7%;width:100%;\"><\/div><div class=\"fusion-image-element \" style=\"--awb-caption-title-font-family:var(--h2_typography-font-family);--awb-caption-title-font-weight:var(--h2_typography-font-weight);--awb-caption-title-font-style:var(--h2_typography-font-style);--awb-caption-title-size:var(--h2_typography-font-size);--awb-caption-title-transform:var(--h2_typography-text-transform);--awb-caption-title-line-height:var(--h2_typography-line-height);--awb-caption-title-letter-spacing:var(--h2_typography-letter-spacing);\"><span class=\" fusion-imageframe imageframe-none imageframe-3 hover-type-none\"><img decoding=\"async\" width=\"300\" height=\"300\" alt=\"Crefft Media Documentary interviewing - self-shooting PD. Canon C70\" title=\"tudur profile\" src=\"https:\/\/crefftmedia.com\/wp-content\/uploads\/2024\/10\/tudur-profile.jpg\" data-orig-src=\"https:\/\/crefftmedia.com\/wp-content\/uploads\/2024\/10\/tudur-profile-300x300.jpg\" class=\"lazyload img-responsive wp-image-2883\" srcset=\"data:image\/svg+xml,%3Csvg%20xmlns%3D%27http%3A%2F%2Fwww.w3.org%2F2000%2Fsvg%27%20width%3D%271200%27%20height%3D%271200%27%20viewBox%3D%270%200%201200%201200%27%3E%3Crect%20width%3D%271200%27%20height%3D%271200%27%20fill-opacity%3D%220%22%2F%3E%3C%2Fsvg%3E\" data-srcset=\"https:\/\/crefftmedia.com\/wp-content\/uploads\/2024\/10\/tudur-profile-200x200.jpg 200w, https:\/\/crefftmedia.com\/wp-content\/uploads\/2024\/10\/tudur-profile-400x400.jpg 400w, https:\/\/crefftmedia.com\/wp-content\/uploads\/2024\/10\/tudur-profile-600x600.jpg 600w, https:\/\/crefftmedia.com\/wp-content\/uploads\/2024\/10\/tudur-profile-800x800.jpg 800w, https:\/\/crefftmedia.com\/wp-content\/uploads\/2024\/10\/tudur-profile.jpg 1200w\" data-sizes=\"auto\" data-orig-sizes=\"(max-width: 900px) 100vw, (max-width: 640px) 100vw, 400px\" \/><\/span><\/div><\/div><\/div><div class=\"fusion-layout-column fusion_builder_column fusion-builder-column-1 fusion_builder_column_2_3 2_3 fusion-flex-column fusion-animated\" style=\"--awb-bg-size:cover;--awb-width-large:66.666666666667%;--awb-margin-top-large:0px;--awb-spacing-right-large:2.88%;--awb-margin-bottom-large:20px;--awb-spacing-left-large:14.4%;--awb-width-medium:100%;--awb-spacing-right-medium:1.92%;--awb-spacing-left-medium:5.76%;--awb-width-small:100%;--awb-spacing-right-small:1.92%;--awb-margin-bottom-small:30px;--awb-spacing-left-small:1.92%;\" data-animationType=\"fadeInRight\" data-animationDuration=\"1.0\" data-animationOffset=\"top-into-view\"><div class=\"fusion-column-wrapper fusion-column-has-shadow fusion-flex-justify-content-flex-start fusion-content-layout-column\"><div class=\"fusion-title title fusion-title-1 fusion-sep-none fusion-title-text fusion-title-size-paragraph\" style=\"--awb-margin-top-small:10px;--awb-margin-right-small:0px;--awb-margin-bottom-small:10px;--awb-margin-left-small:0px;--awb-font-size:20px;\"><p class=\"fusion-title-heading title-heading-left title-heading-tag fusion-responsive-typography-calculated\" style=\"margin:0;font-size:1em;--fontSize:20;line-height:1.35;\"><p><span style=\"font-weight: 400;\">Sefydlwyd Crefft Media yn Llangefni, Ynys M\u00f4n, drwy angerdd am ddal straeon dilys ac ymrwymiad i gynhyrchu fideo o ansawdd uchel. Yn 2014, creodd Tudur Evans Crefft Media gyda chamera t\u00e2p ail-law, trybedd wedi\u2019i roi, a chyfrifiadur teuluol, gyda\u2019r nod o ateb yr angen cynyddol am wasanaethau cyfryngau hygyrch yng Ngogledd Cymru. Ers hynny, rydym wedi tyfu i fod yn d\u00eem cynhyrchu dibynadwy gyda dros 150 o brosiectau wedi\u2019u cwblhau, yn amrywio o fentrau sy\u2019n canolbwyntio ar y gymuned i gynyrchiadau ar raddfa fawr ledled Cymru.  <\/span><\/p>\n<p><span style=\"font-weight: 400;\">Un o brosiectau nodedig ar ein taith oedd <\/span><i><span style=\"font-weight: 400;\">TeliM\u00f4n<\/span><\/i><span style=\"font-weight: 400;\">, sianel deledu ar-lein i Ynys M\u00f4n a ariannwyd gan LEADER drwy Fenter M\u00f4n ac a gafodd ei beilotio gyda S4C. Dangosodd y fenter hon ein gallu i gynhyrchu cynnwys safon teledu yn unol ag amserlen, gan ddarparu cyfleoedd i dalent leol a chefnogi gweithwyr llawrydd yn sector creadigol y rhanbarth. <\/span><\/p>\n<p><span style=\"font-weight: 400;\">Mae ein t\u00eem yn cyfuno creadigrwydd \u00e2 phroffesiynoldeb, gan weithio&#8217;n agos gyda phob cleient i gynhyrchu cynnwys sydd \u00e2 phwrpas ac yn gofiadwy. O ddogfennau a chofnodi digwyddiadau byw i fideos hyrwyddo, ein nod yw eich helpu i adrodd straeon clir, effeithiol ac ysbrydoledig. Rydym yn falch o gydweithio \u00e2 sefydliadau parchus fel BBC Cymru, S4C, a Llywodraeth Cymru, ochr yn ochr \u00e2 phartneriaid lleol fel Cyngor Sir Ynys M\u00f4n, Menter M\u00f4n, a Medrwn M\u00f4n.  <\/span><\/p><\/p><\/div><div class=\"fusion-title title fusion-title-2 fusion-sep-none fusion-title-text fusion-title-size-two\" style=\"--awb-text-color:var(--awb-custom_color_1);--awb-margin-bottom:1em;--awb-margin-top-small:10px;--awb-margin-right-small:0px;--awb-margin-bottom-small:10px;--awb-margin-left-small:0px;--awb-font-size:23px;\"><h2 class=\"fusion-title-heading title-heading-left fusion-responsive-typography-calculated\" style=\"margin:0;font-size:1em;--fontSize:23;line-height:var(--awb-typography1-line-height);\">Ein Gwerthoedd<\/h2><\/div><div class=\"fusion-title title fusion-title-3 fusion-sep-none fusion-title-text fusion-title-size-paragraph\" style=\"--awb-margin-top-small:10px;--awb-margin-right-small:0px;--awb-margin-bottom-small:10px;--awb-margin-left-small:0px;--awb-font-size:20px;\"><p class=\"fusion-title-heading title-heading-left title-heading-tag fusion-responsive-typography-calculated\" style=\"margin:0;font-size:1em;--fontSize:20;line-height:1.35;\"><ul>\n<li style=\"font-weight: 400;\" aria-level=\"1\"><b>Dibynadwyedd<\/b><span style=\"font-weight: 400;\">: Rydym yn cyflawni prosiectau ar amser ac o\u2019r safon uchaf.<\/span><\/li>\n<li style=\"font-weight: 400;\" aria-level=\"1\"><b>Rhagoriaeth<\/b><span style=\"font-weight: 400;\">: Mae pob prosiect yn cael ei greu\u2019n ofalus, gyda\u2019r nod o ragori ar ddisgwyliadau.<\/span><\/li>\n<li style=\"font-weight: 400;\" aria-level=\"1\"><b>Tegwch<\/b><span style=\"font-weight: 400;\">: Credwn mewn cyllidebau tryloyw sy\u2019n parchu anghenion unigryw pob prosiect.<\/span><\/li>\n<li style=\"font-weight: 400;\" aria-level=\"1\"><b>Addasrwydd<\/b><span style=\"font-weight: 400;\">: Mae pob cleient yn wahanol, ac rydym yn teilwra ein dull yn unol \u00e2 hynny.<\/span><\/li>\n<li style=\"font-weight: 400;\" aria-level=\"1\"><b>Ymroddiad Cymunedol<\/b><span style=\"font-weight: 400;\">: Mae cefnogi talent lleol a straeon rhanbarthol yn greiddiol i\u2019n nod.<\/span><\/li>\n<li style=\"font-weight: 400;\" aria-level=\"1\"><b>Hunaniaeth Gymreig<\/b>: We are proud to use and promote the Welsh language and culture.<\/li>\n<\/ul><\/p><\/div><div class=\"fusion-title title fusion-title-4 fusion-sep-none fusion-title-text fusion-title-size-two\" style=\"--awb-text-color:var(--awb-custom_color_1);--awb-margin-bottom:1em;--awb-margin-top-small:10px;--awb-margin-right-small:0px;--awb-margin-bottom-small:10px;--awb-margin-left-small:0px;--awb-font-size:23px;\"><h2 class=\"fusion-title-heading title-heading-left fusion-responsive-typography-calculated\" style=\"margin:0;font-size:1em;--fontSize:23;line-height:var(--awb-typography1-line-height);\">Cyfarfod \u00e2\u2019n T\u00eem<\/h2><\/div><div class=\"fusion-title title fusion-title-5 fusion-sep-none fusion-title-text fusion-title-size-paragraph\" style=\"--awb-margin-top-small:10px;--awb-margin-right-small:0px;--awb-margin-bottom-small:10px;--awb-margin-left-small:0px;--awb-font-size:20px;\"><p class=\"fusion-title-heading title-heading-left title-heading-tag fusion-responsive-typography-calculated\" style=\"margin:0;font-size:1em;--fontSize:20;line-height:1.35;\"><p><span style=\"font-weight: 400;\">Mae ein t\u00eem yn cynnwys gweithwyr proffesiynol medrus, pob un yn cynnig safbwynt ac arbenigedd unigryw:<\/span><\/p>\n<ul>\n<li style=\"font-weight: 400;\" aria-level=\"1\"><b>Tudur Evans<\/b><span style=\"font-weight: 400;\">&#8211;<\/span><i><span style=\"font-weight: 400;\">Cynhyrchydd\/Cyfarwyddwr<\/span><\/i><span style=\"font-weight: 400;\">: Tudur sy\u2019n arwain yn greadigol, gan sicrhau bod pob prosiect yn cyd-fynd \u00e2 gweledigaeth naratif clir.<\/span><\/li>\n<li style=\"font-weight: 400;\" aria-level=\"1\"><b>Dylan Evans<\/b><span style=\"font-weight: 400;\">&#8211; <\/span><span style=\"font-weight: 400;\"><i>Rheolwr Cynhyrchu<\/i><\/span><span style=\"font-weight: 400;\">: Dylan sy\u2019n rheoli cyllidebu, amserlennu, a logisteg, gan gadw prosiectau ar y trywydd iawn ac yn unol \u00e2 nodau\u2019r cleient.<\/span><\/li>\n<li style=\"font-weight: 400;\" aria-level=\"1\"><b>Meurig Hughes<\/b><i> &#8211; Golygydd Fideo<\/i>: Meurig sy\u2019n dod \u00e2\u2019r stori derfynol at ei gilydd, gan grefftio\u2019r deunydd ffilm i greu naratif cydlynol ac effeithiol.<\/li>\n<\/ul><\/p><\/div><\/div><\/div><\/div><\/div>\n","protected":false},"excerpt":{"rendered":"","protected":false},"author":1,"featured_media":2427,"parent":0,"menu_order":0,"comment_status":"closed","ping_status":"closed","template":"100-width.php","meta":{"footnotes":""},"class_list":["post-2680","page","type-page","status-publish","has-post-thumbnail","hentry"],"_links":{"self":[{"href":"https:\/\/crefftmedia.com\/cy\/wp-json\/wp\/v2\/pages\/2680","targetHints":{"allow":["GET"]}}],"collection":[{"href":"https:\/\/crefftmedia.com\/cy\/wp-json\/wp\/v2\/pages"}],"about":[{"href":"https:\/\/crefftmedia.com\/cy\/wp-json\/wp\/v2\/types\/page"}],"author":[{"embeddable":true,"href":"https:\/\/crefftmedia.com\/cy\/wp-json\/wp\/v2\/users\/1"}],"replies":[{"embeddable":true,"href":"https:\/\/crefftmedia.com\/cy\/wp-json\/wp\/v2\/comments?post=2680"}],"version-history":[{"count":9,"href":"https:\/\/crefftmedia.com\/cy\/wp-json\/wp\/v2\/pages\/2680\/revisions"}],"predecessor-version":[{"id":2959,"href":"https:\/\/crefftmedia.com\/cy\/wp-json\/wp\/v2\/pages\/2680\/revisions\/2959"}],"wp:featuredmedia":[{"embeddable":true,"href":"https:\/\/crefftmedia.com\/cy\/wp-json\/wp\/v2\/media\/2427"}],"wp:attachment":[{"href":"https:\/\/crefftmedia.com\/cy\/wp-json\/wp\/v2\/media?parent=2680"}],"curies":[{"name":"wp","href":"https:\/\/api.w.org\/{rel}","templated":true}]}}