{"id":2966,"date":"2024-10-27T22:37:09","date_gmt":"2024-10-27T22:37:09","guid":{"rendered":"https:\/\/crefftmedia.com\/ffilmiau-dogfen-a-cynhyrchiadau-ffeithiol\/"},"modified":"2024-12-02T09:41:06","modified_gmt":"2024-12-02T09:41:06","slug":"ffilmiau-dogfen-a-cynhyrchiadau-ffeithiol","status":"publish","type":"page","link":"https:\/\/crefftmedia.com\/cy\/ffilmiau-dogfen-a-cynhyrchiadau-ffeithiol\/","title":{"rendered":"Ffilmiau Dogfen a Cynhyrchiadau Ffeithiol"},"content":{"rendered":"<div class=\"fusion-fullwidth fullwidth-box fusion-builder-row-1 fusion-flex-container has-pattern-background has-mask-background nonhundred-percent-fullwidth non-hundred-percent-height-scrolling\" style=\"--awb-border-radius-top-left:0px;--awb-border-radius-top-right:0px;--awb-border-radius-bottom-right:0px;--awb-border-radius-bottom-left:0px;--awb-flex-wrap:wrap;\" ><div class=\"fusion-builder-row fusion-row fusion-flex-align-items-flex-start fusion-flex-content-wrap\" style=\"max-width:1404px;margin-left: calc(-4% \/ 2 );margin-right: calc(-4% \/ 2 );\"><div class=\"fusion-layout-column fusion_builder_column fusion-builder-column-0 fusion_builder_column_1_1 1_1 fusion-flex-column\" style=\"--awb-bg-size:cover;--awb-width-large:100%;--awb-margin-top-large:0px;--awb-spacing-right-large:1.92%;--awb-margin-bottom-large:20px;--awb-spacing-left-large:1.92%;--awb-width-medium:100%;--awb-order-medium:0;--awb-spacing-right-medium:1.92%;--awb-spacing-left-medium:1.92%;--awb-width-small:100%;--awb-order-small:0;--awb-spacing-right-small:1.92%;--awb-spacing-left-small:1.92%;\"><div class=\"fusion-column-wrapper fusion-column-has-shadow fusion-flex-justify-content-flex-start fusion-content-layout-column\"><div class=\"fusion-text fusion-text-1\"><p><span style=\"font-weight: 400;\">Yn Crefft Media, rydym yn angerddol am gynhyrchu cynnwys dogfennol a ffeithiol sy\u2019n dal sylw, yn hysbysu ac yn ysbrydoli cynulleidfaoedd. Gyda chyfoeth o brofiad mewn adrodd straeon ar draws amrywiaeth o bynciau, ein nod yw tynnu sylw at faterion pwysig a straeon dynol grymus\u2014 boed yn fater lleol neu\u2019n achos rhyngwladol.<\/span><\/p>\n<\/div><div class=\"fusion-title title fusion-title-1 fusion-sep-none fusion-title-text fusion-title-size-two\" style=\"--awb-text-color:var(--awb-custom_color_1);--awb-margin-top-small:10px;--awb-margin-right-small:0px;--awb-margin-bottom-small:10px;--awb-margin-left-small:0px;--awb-font-size:23px;\"><h2 class=\"fusion-title-heading title-heading-left fusion-responsive-typography-calculated\" style=\"margin:0;font-size:1em;--fontSize:23;line-height:var(--awb-typography1-line-height);\">Adrodd Straeon Trochol gyda Lleisiau Dilys<\/h2><\/div><div class=\"fusion-text fusion-text-2\"><p><span style=\"font-weight: 400;\">Mae ein dull o greu ffilmiau dogfennol wedi\u2019i wreiddio yn ein cred bod y straeon mwyaf pwerus yn rhai sy\u2019n teimlo\u2019n ddilys. Rydym yn blaenoriaethu dal profiadau go iawn yn eu ffurf naturiol, gan ganolbwyntio ar naratif sy\u2019n cael eu gyrru gan gymeriadau ac yn dod \u00e2 straeon heb eu hadrodd i\u2019r amlwg. O faterion cymdeithasol i orchfygiadau personol, mae ein gwaith yn amlygu amrywiaeth profiadau dynol mewn ffordd sy\u2019n taro deuddeg gyda chynulleidfaoedd.<\/span><\/p>\n<p><span style=\"font-weight: 400;\">Mae ein portffolio yn cynnwys gwaith gydag unigolion fel <\/span><b>Wil Young<\/b><span style=\"font-weight: 400;\">,y mae ei daith ysbrydoledig yn y byd actio yn cael ei hadrodd yn ein dogfen<\/span><b>&#8220;Wil Young &#8211; Boundless Talent.&#8221;<\/b><span style=\"font-weight: 400;\"> Mae\u2019r ffilm hon yn hyrwyddo\u2019r<\/span><b>gwasanaeth Taliadau Uniongyrchol<\/b><span style=\"font-weight: 400;\"> gan ddangos sut y gall cymorth hanfodol rymuso unigolion ag anableddau i wireddu eu breuddwydion. Mae\u2019r ymrwymiad i rannu straeon sy\u2019n hyrwyddo cynhwysiant ac ymwybyddiaeth gymdeithasol yn ganolog i egwyddorion ein cwmni.<\/span><\/p>\n<\/div><div class=\"fusion-title title fusion-title-2 fusion-sep-none fusion-title-text fusion-title-size-two\" style=\"--awb-text-color:var(--awb-custom_color_1);--awb-margin-top-small:10px;--awb-margin-right-small:0px;--awb-margin-bottom-small:10px;--awb-margin-left-small:0px;--awb-font-size:23px;\"><h2 class=\"fusion-title-heading title-heading-left fusion-responsive-typography-calculated\" style=\"margin:0;font-size:1em;--fontSize:23;line-height:var(--awb-typography1-line-height);\">Arbenigedd ar Draws Amrywiaeth o Bynciau<\/h2><\/div><div class=\"fusion-text fusion-text-3\"><p><span style=\"font-weight: 400;\">Mae ein profiad yn ymestyn y tu hwnt i faterion cymdeithasol i feysydd deinamig fel rhaglenni dogfen arsylwi (obs doc) a straeon sy\u2019n canolbwyntio ar gymeriadau. Mae prosiectau fel <\/span><b>&#8220;The Pap&#8221;<\/b><span style=\"font-weight: 400;\">, sy\u2019n dilyn y paparazzi llawrydd<\/span><b>Aaron Parfitt<\/b><span style=\"font-weight: 400;\">, yn cynnig mewnwelediadau unigryw i broffesiynau a ffordd o fyw sy\u2019n aml yn cael eu camddeall. Mae\u2019r ffilm ddogfen yn archwilio\u2019r dilem\u00e2u moesegol a\u2019r heriau sy\u2019n wynebu\u2019r diwydiant paparazzi, gan ddarparu golwg ddiddorol y tu \u00f4l i\u2019r llen ar y gwaith sy\u2019n gysylltiedig.<\/span><\/p>\n<p><span style=\"font-weight: 400;\">Boed yn canolbwyntio ar faterion cymdeithasol, proffesiynau unigryw, neu astudiaethau cymeriad, mae ein nod yn parhau\u2019r un fath: i gynhyrchu cynnwys dilys ac ymgysylltiol sy\u2019n annog cynulleidfaoedd i feddwl, teimlo ac ystyried.<\/span><\/p>\n<\/div><div class=\"fusion-title title fusion-title-3 fusion-sep-none fusion-title-text fusion-title-size-two\" style=\"--awb-text-color:var(--awb-custom_color_1);--awb-margin-top-small:10px;--awb-margin-right-small:0px;--awb-margin-bottom-small:10px;--awb-margin-left-small:0px;--awb-font-size:23px;\"><h2 class=\"fusion-title-heading title-heading-left fusion-responsive-typography-calculated\" style=\"margin:0;font-size:1em;--fontSize:23;line-height:var(--awb-typography1-line-height);\">Sinematograffi Dogfennol<\/h2><\/div><div class=\"fusion-text fusion-text-4\"><p><span style=\"font-weight: 400;\">Rydym wedi cael y fraint o gydweithio \u00e2 chwmn\u00efau cynhyrchu ar ystod o brosiectau dogfennol ac rydym yn cynnig ein gwasanaethau sinematograffi ar gyfer unrhyw saethu yn ein hardal leol. Gyda chyfoeth o arbenigedd mewn creu dilyniannau pwerus, meistroli cyfansoddiad, a gosod goleuadau cyfweliad proffesiynol, rydym yn sicrhau bod pob ergyd yn cyd-fynd \u00e2\u2019ch gweledigaeth. Mae ein t\u00eem hefyd yn gallu rheoli dewis lleoliadau, darparu mewnbwn creadigol, a datblygu &#8216;storyboard&#8217; yn \u00f4l yr angen. Yn ogystal, rydym yn defnyddio camer\u00e2u cymeradwy gan Netflix, gan sicrhau bod eich cynhyrchiad yn cwrdd \u00e2 safonau diwydiant ar gyfer cynnwys o ansawdd uchel.<\/span><\/p>\n<\/div><div class=\"fusion-title title fusion-title-4 fusion-sep-none fusion-title-text fusion-title-size-two\" style=\"--awb-text-color:var(--awb-custom_color_1);--awb-margin-top-small:10px;--awb-margin-right-small:0px;--awb-margin-bottom-small:10px;--awb-margin-left-small:0px;--awb-font-size:23px;\"><h2 class=\"fusion-title-heading title-heading-left fusion-responsive-typography-calculated\" style=\"margin:0;font-size:1em;--fontSize:23;line-height:var(--awb-typography1-line-height);\">Cit Gwasg Electronig (EPK)<\/h2><\/div><div class=\"fusion-text fusion-text-5\"><p><span style=\"font-weight: 400;\">Yn Crefft Media, rydym yn arbenigo mewn cynhyrchu Cit Gwasg Electronig (EPK) o ansawdd uchel sy\u2019n dal hanfod eich prosiect ffilm neu deledu. Mae EPK yn arf pwerus i hyrwyddo\u2019ch cynhyrchiad, gan ddarparu deunydd y tu \u00f4l i\u2019r llenni, cyfweliadau \u00e2\u2019r cast a\u2019r criw, a mewnwelediadau unigryw i ennyn diddordeb y cyfryngau a chynulleidfaoedd fel ei gilydd.<\/span><\/p>\n<p><span style=\"font-weight: 400;\">Ar \u00f4l gweithio ar gynnwys y tu \u00f4l i\u2019r llenni ar gyfer Pinewood Studios, rydym yn deall pwysigrwydd cyflwyno naratif wedi\u2019i fireinio a diddorol i godi proffil eich prosiect. Mae ein t\u00eem yn fedrus wrth ddal eiliadau gandid ar y set, creu cyfweliadau ymgysylltiol, a chyflwyno\u2019r ansawdd sinematig sy\u2019n cael ei ddisgwyl mewn cit gwasg y diwydiant. Boed yn cynhyrchu ffilm nodwedd neu gyfres deledu yma yng Ngogledd Cymru, rydym yma i sicrhau bod eich EPK yn sefyll allan.<\/span><\/p>\n<p><br style=\"font-weight: 400;\"><br style=\"font-weight: 400;\"><\/p>\n<\/div><\/div><\/div><\/div><\/div>\n","protected":false},"excerpt":{"rendered":"","protected":false},"author":1,"featured_media":0,"parent":0,"menu_order":0,"comment_status":"closed","ping_status":"closed","template":"","meta":{"footnotes":""},"class_list":["post-2966","page","type-page","status-publish","hentry"],"_links":{"self":[{"href":"https:\/\/crefftmedia.com\/cy\/wp-json\/wp\/v2\/pages\/2966","targetHints":{"allow":["GET"]}}],"collection":[{"href":"https:\/\/crefftmedia.com\/cy\/wp-json\/wp\/v2\/pages"}],"about":[{"href":"https:\/\/crefftmedia.com\/cy\/wp-json\/wp\/v2\/types\/page"}],"author":[{"embeddable":true,"href":"https:\/\/crefftmedia.com\/cy\/wp-json\/wp\/v2\/users\/1"}],"replies":[{"embeddable":true,"href":"https:\/\/crefftmedia.com\/cy\/wp-json\/wp\/v2\/comments?post=2966"}],"version-history":[{"count":2,"href":"https:\/\/crefftmedia.com\/cy\/wp-json\/wp\/v2\/pages\/2966\/revisions"}],"predecessor-version":[{"id":2968,"href":"https:\/\/crefftmedia.com\/cy\/wp-json\/wp\/v2\/pages\/2966\/revisions\/2968"}],"wp:attachment":[{"href":"https:\/\/crefftmedia.com\/cy\/wp-json\/wp\/v2\/media?parent=2966"}],"curies":[{"name":"wp","href":"https:\/\/api.w.org\/{rel}","templated":true}]}}