{"id":2975,"date":"2024-06-24T14:22:30","date_gmt":"2024-06-24T13:22:30","guid":{"rendered":"https:\/\/crefftmedia.com\/digwyddiadau\/"},"modified":"2024-12-02T12:29:09","modified_gmt":"2024-12-02T12:29:09","slug":"digwyddiadau","status":"publish","type":"page","link":"https:\/\/crefftmedia.com\/cy\/digwyddiadau\/","title":{"rendered":"Digwyddiadau"},"content":{"rendered":"<div class=\"fusion-fullwidth fullwidth-box fusion-builder-row-1 fusion-flex-container nonhundred-percent-fullwidth non-hundred-percent-height-scrolling\" style=\"--awb-border-radius-top-left:0px;--awb-border-radius-top-right:0px;--awb-border-radius-bottom-right:0px;--awb-border-radius-bottom-left:0px;--awb-padding-right-small:20px;--awb-padding-left-small:20px;--awb-flex-wrap:wrap;\" ><div class=\"fusion-builder-row fusion-row fusion-flex-align-items-flex-start fusion-flex-content-wrap\" style=\"max-width:1404px;margin-left: calc(-4% \/ 2 );margin-right: calc(-4% \/ 2 );\"><div class=\"fusion-layout-column fusion_builder_column fusion-builder-column-0 fusion_builder_column_1_1 1_1 fusion-flex-column fusion-animated\" style=\"--awb-bg-blend:overlay;--awb-bg-size:cover;--awb-width-large:100%;--awb-margin-top-large:0px;--awb-spacing-right-large:1.92%;--awb-margin-bottom-large:0px;--awb-spacing-left-large:1.92%;--awb-width-medium:100%;--awb-spacing-right-medium:1.92%;--awb-spacing-left-medium:1.92%;--awb-width-small:100%;--awb-spacing-right-small:1.92%;--awb-spacing-left-small:1.92%;\" data-animationType=\"fadeInUp\" data-animationDuration=\"1.0\" data-animationOffset=\"top-into-view\"><div class=\"fusion-column-wrapper fusion-flex-justify-content-flex-start fusion-content-layout-column\"><div class=\"fusion-text fusion-text-1\"><p><span style=\"font-weight: 400;\"> Cynyddwch effaith eich digwyddiad gyda gwasanaethau arbenigol Crefft Media.<\/span><\/p>\n<p><span style=\"font-weight: 400;\">Rydym yn cynnig ystod o becynnau, gan gynnwys ffrydio byw a gwasanaethau recordio llawn, yn ogystal \u00e2 fideos uchafbwyntiau gyda chyflawniad cyflym, gan roi opsiynau hyblyg ar gyfer pob anghenion fideo i&#8217;ch digwyddiad.<\/span><\/p>\n<\/div><div class=\"fusion-title title fusion-title-1 fusion-sep-none fusion-title-text fusion-title-size-two\" style=\"--awb-text-color:var(--awb-custom_color_1);--awb-margin-top-small:10px;--awb-margin-right-small:0px;--awb-margin-bottom-small:10px;--awb-margin-left-small:0px;--awb-font-size:23px;\"><h2 class=\"fusion-title-heading title-heading-left fusion-responsive-typography-calculated\" style=\"margin:0;font-size:1em;--fontSize:23;line-height:var(--awb-typography1-line-height);\">Ffrydio Byw a RecordioLive Streaming and Recording<\/h2><\/div><div class=\"fusion-text fusion-text-2\"><p><span style=\"font-weight: 400;\">Mae ein darllediadau o ansawdd uchel yn caniat\u00e1u i\u2019ch digwyddiad gyrraedd cynulleidfa ehangach, ble bynnag y maent. O gynadleddau corfforaethol a seminarau addysgol i ddigwyddiadau cymunedol a dathliadau preifat, mae ein t\u00eem yn sicrhau bod pob eiliad bwysig yn cael ei dal gyda sain a llun clir a cyson. <\/span><\/p>\n<p><span style=\"font-weight: 400;\">Mae ein technegwyr yn delio hefo pob agwedd dechnegol\u2014 o\u2019r gosodiad i&#8217;r ffrydio byw\u2014 gan ddefnyddio offer safon darlledu sydd gennym yn fewnol. Rydym yn darparu golygu byw, onglau aml-gamera, a chamer\u00e2u rheoledig o bell sydd ddim yn amharu ar y gynulleidfa. Ar \u00f4l y digwyddiad, rydym yn cynnig golygu \u00f4l-gynhyrchu, gan greu recordiad esmwyth sy&#8217;n berffaith i\u2019w gadw neu ei rhyddhau lawr y lein. Gyda Crefft Media, gall eich digwyddiad gael ei fwynhau a\u2019i ail-ymweld gan y rhai na allent fod yn bresennol.   <\/span><\/p>\n<\/div><div class=\"fusion-title title fusion-title-2 fusion-sep-none fusion-title-text fusion-title-size-two\" style=\"--awb-text-color:var(--awb-custom_color_1);--awb-margin-top-small:10px;--awb-margin-right-small:0px;--awb-margin-bottom-small:10px;--awb-margin-left-small:0px;--awb-font-size:23px;\"><h2 class=\"fusion-title-heading title-heading-left fusion-responsive-typography-calculated\" style=\"margin:0;font-size:1em;--fontSize:23;line-height:var(--awb-typography1-line-height);\">Fideos Uchafbwyntiau Digwyddiad<\/h2><\/div><div class=\"fusion-text fusion-text-3\"><p><span style=\"font-weight: 400;\">Gall cynllunio digwyddiad gymryd wythnosau, ond mae\u2019n gallu bod drosodd mewn un diwrnod a buan wedi ei anghofio. Fodd bynnag, mae fideo uchafbwyntiau yn cadw\u2019r digwyddiad effaith yn fyw. Mae\u2019r fideos cryno hyn yn dal y momentau gorau, gan gyfuno uchafbwyntiau cyflwyniadau gyda chyfweliadau byr gan fynychwyr a threfnwyr. Yn ddelfrydol ar gyfer cyfryngau cymdeithasol neu fel tystiolaeth i gyllidwyr, mae\u2019r fideos hyn yn helpu i sicrhau\u2019r gwerth mwyaf o\u2019ch ymdrechion a\u2019ch cynllunio.  <\/span><\/p>\n<p><span style=\"font-weight: 400;\">Pa bynnag becyn a ddewiswch, mae Crefft Media yn sicrhau y bydd eich digwyddiad nid yn unig yn cael ei gofio ond hefyd yn hygyrch i gynulleidfa ehangach.<\/span><\/p>\n<p><span style=\"font-weight: 400;\">Mae ein cleientiaid, gan gynnwys Magnox, Coleg Menai, Prifysgol Bangor, Eisteddfod M\u00f4n, a Morlais, wedi ymddiried ynom i ddal eu digwyddiadau gyda gofal a chywirdeb a chreu cynnwys atyniadol.<\/span><\/p>\n<\/div><\/div><\/div><\/div><\/div>\n","protected":false},"excerpt":{"rendered":"","protected":false},"author":1,"featured_media":2608,"parent":0,"menu_order":0,"comment_status":"closed","ping_status":"closed","template":"","meta":{"footnotes":""},"class_list":["post-2975","page","type-page","status-publish","has-post-thumbnail","hentry"],"_links":{"self":[{"href":"https:\/\/crefftmedia.com\/cy\/wp-json\/wp\/v2\/pages\/2975","targetHints":{"allow":["GET"]}}],"collection":[{"href":"https:\/\/crefftmedia.com\/cy\/wp-json\/wp\/v2\/pages"}],"about":[{"href":"https:\/\/crefftmedia.com\/cy\/wp-json\/wp\/v2\/types\/page"}],"author":[{"embeddable":true,"href":"https:\/\/crefftmedia.com\/cy\/wp-json\/wp\/v2\/users\/1"}],"replies":[{"embeddable":true,"href":"https:\/\/crefftmedia.com\/cy\/wp-json\/wp\/v2\/comments?post=2975"}],"version-history":[{"count":2,"href":"https:\/\/crefftmedia.com\/cy\/wp-json\/wp\/v2\/pages\/2975\/revisions"}],"predecessor-version":[{"id":2977,"href":"https:\/\/crefftmedia.com\/cy\/wp-json\/wp\/v2\/pages\/2975\/revisions\/2977"}],"wp:featuredmedia":[{"embeddable":true,"href":"https:\/\/crefftmedia.com\/cy\/wp-json\/wp\/v2\/media\/2608"}],"wp:attachment":[{"href":"https:\/\/crefftmedia.com\/cy\/wp-json\/wp\/v2\/media?parent=2975"}],"curies":[{"name":"wp","href":"https:\/\/api.w.org\/{rel}","templated":true}]}}