{"id":3001,"date":"2024-02-03T16:11:47","date_gmt":"2024-02-03T16:11:47","guid":{"rendered":"https:\/\/crefftmedia.com\/ffilmiau-hyrwyddo\/"},"modified":"2024-12-02T21:20:35","modified_gmt":"2024-12-02T21:20:35","slug":"ffilmiau-hyrwyddo","status":"publish","type":"page","link":"https:\/\/crefftmedia.com\/cy\/ffilmiau-hyrwyddo\/","title":{"rendered":"Ffilmiau Hyrwyddo"},"content":{"rendered":"<div class=\"fusion-fullwidth fullwidth-box fusion-builder-row-1 fusion-flex-container nonhundred-percent-fullwidth non-hundred-percent-height-scrolling\" style=\"--awb-border-radius-top-left:0px;--awb-border-radius-top-right:0px;--awb-border-radius-bottom-right:0px;--awb-border-radius-bottom-left:0px;--awb-padding-right-small:20px;--awb-padding-left-small:20px;--awb-flex-wrap:wrap;\" ><div class=\"fusion-builder-row fusion-row fusion-flex-align-items-flex-start fusion-flex-content-wrap\" style=\"max-width:1404px;margin-left: calc(-4% \/ 2 );margin-right: calc(-4% \/ 2 );\"><div class=\"fusion-layout-column fusion_builder_column fusion-builder-column-0 fusion_builder_column_1_1 1_1 fusion-flex-column fusion-animated\" style=\"--awb-bg-blend:overlay;--awb-bg-size:cover;--awb-width-large:100%;--awb-margin-top-large:0px;--awb-spacing-right-large:1.92%;--awb-margin-bottom-large:0px;--awb-spacing-left-large:1.92%;--awb-width-medium:100%;--awb-spacing-right-medium:1.92%;--awb-spacing-left-medium:1.92%;--awb-width-small:100%;--awb-spacing-right-small:1.92%;--awb-spacing-left-small:1.92%;\" data-animationType=\"fadeInUp\" data-animationDuration=\"1.0\" data-animationOffset=\"top-into-view\"><div class=\"fusion-column-wrapper fusion-flex-justify-content-flex-start fusion-content-layout-column\"><div class=\"fusion-text fusion-text-1\"><p><span style=\"font-weight: 400;\">Yn y farchnad gystadleuol heddiw, gall fideo hyrwyddo wedi\u2019i greu\u2019n dda wahaniaethu eich brand. Mae Crefft Media yn arbenigo mewn cynhyrchu ffilmiau hyrwyddo o ansawdd uchel sy\u2019n denu sylw, yn ysgogi ymroddiad, ac yn cyfleu cryfderau unigryw eich brand. <\/span><\/p>\n<p><span style=\"font-weight: 400;\">Mae ein dull yn gydweithredol ac wedi\u2019i deilwra i\u2019ch nodau. Os ydych yn ceisio cynyddu eich presenoldeb ar-lein gyda fideo cyfryngau cymdeithasol, gwneud argraff gyntaf gofiadwy gyda fideo ar dudalen flaen eich gwefan, ennyn diddordeb cynulleidfaoedd mewn digwyddiadau gyda chynnwys arddangos, neu adrodd stori ddyfnach gyda ffilm arddull ddogfen, rydym yn creu ffilmiau sydd wedi\u2019u dylunio i daro deuddeg ac i gyflawni canlyniadau. <\/span><\/p>\n<p><span style=\"font-weight: 400;\">Gyda chamer\u00e2u 4K, gimbl, a dr\u00f4n, mae ein t\u00eem yn recordio fideo trawiadol o ansawdd uchel sy\u2019n gwella edrychiad proffesiynol eich prosiect. Rydym yn brofiadol yn gweithio mewn amrywiaeth o amgylcheddau\u2014 o swyddfeydd ac awyr agored i safleoedd diwydiannol cymhleth\u2014 gan sicrhau bod pob golygfa wedi\u2019i haddasu i gyd-fynd ag esthetig a stori eich brand. <\/span><\/p>\n<p><span style=\"font-weight: 400;\">Rydym yn gweithio\u2019n agos gyda chi i ddeall eich amcanion marchnata ac i lunio stori weledol sy\u2019n cyd-fynd ag hunaniaeth eich brand. O\u2019r cysyniad cychwynnol i\u2019r golygiad terfynol, mae ein t\u00eem yn arwain pob cam, gan gyfuno delweddau deinamig, adrodd straeon deniadol, a negeseuon strategol i wella gwelededd ac i gryfhau eich presenoldeb yn y farchnad. <\/span><\/p>\n<p><span style=\"font-weight: 400;\">Mae ein ffilmiau hyrwyddo wedi\u2019u creu i adael argraff barhaol ac i ysgogi ymgysylltiad mesuradwy. Mae ein cleientiaid yn cynnwys Mona Lifting, Carnedd, R J Hughes &amp; Son, Carrie Anne Sudlow, Keynote Opera, JWA Associates\/Robertson Geo, BC Tech, a G\u0175yl y Gelli. <\/span><\/p>\n<p><span style=\"font-weight: 400;\">I ddysgu mwy am sut y gall Crefft Media gefnogi\u2019ch prosiect nesaf, mae croeso i chi gysylltu \u00e2 ni i drafod eich syniadau.<\/span><\/p>\n<p><br style=\"font-weight: 400;\"><br style=\"font-weight: 400;\"><\/p>\n<\/div><\/div><\/div><\/div><\/div>\n","protected":false},"excerpt":{"rendered":"","protected":false},"author":1,"featured_media":2616,"parent":0,"menu_order":0,"comment_status":"closed","ping_status":"closed","template":"","meta":{"footnotes":""},"class_list":["post-3001","page","type-page","status-publish","has-post-thumbnail","hentry"],"_links":{"self":[{"href":"https:\/\/crefftmedia.com\/cy\/wp-json\/wp\/v2\/pages\/3001","targetHints":{"allow":["GET"]}}],"collection":[{"href":"https:\/\/crefftmedia.com\/cy\/wp-json\/wp\/v2\/pages"}],"about":[{"href":"https:\/\/crefftmedia.com\/cy\/wp-json\/wp\/v2\/types\/page"}],"author":[{"embeddable":true,"href":"https:\/\/crefftmedia.com\/cy\/wp-json\/wp\/v2\/users\/1"}],"replies":[{"embeddable":true,"href":"https:\/\/crefftmedia.com\/cy\/wp-json\/wp\/v2\/comments?post=3001"}],"version-history":[{"count":2,"href":"https:\/\/crefftmedia.com\/cy\/wp-json\/wp\/v2\/pages\/3001\/revisions"}],"predecessor-version":[{"id":3003,"href":"https:\/\/crefftmedia.com\/cy\/wp-json\/wp\/v2\/pages\/3001\/revisions\/3003"}],"wp:featuredmedia":[{"embeddable":true,"href":"https:\/\/crefftmedia.com\/cy\/wp-json\/wp\/v2\/media\/2616"}],"wp:attachment":[{"href":"https:\/\/crefftmedia.com\/cy\/wp-json\/wp\/v2\/media?parent=3001"}],"curies":[{"name":"wp","href":"https:\/\/api.w.org\/{rel}","templated":true}]}}