{"id":3009,"date":"2024-10-27T22:41:20","date_gmt":"2024-10-27T22:41:20","guid":{"rendered":"https:\/\/crefftmedia.com\/hyfforddiant-a-phartneriaethau\/"},"modified":"2024-12-03T09:47:52","modified_gmt":"2024-12-03T09:47:52","slug":"hyfforddiant-a-phartneriaethau","status":"publish","type":"page","link":"https:\/\/crefftmedia.com\/cy\/hyfforddiant-a-phartneriaethau\/","title":{"rendered":"Hyfforddiant a Phartneriaethau"},"content":{"rendered":"<div class=\"fusion-fullwidth fullwidth-box fusion-builder-row-1 fusion-flex-container has-pattern-background has-mask-background nonhundred-percent-fullwidth non-hundred-percent-height-scrolling\" style=\"--awb-border-radius-top-left:0px;--awb-border-radius-top-right:0px;--awb-border-radius-bottom-right:0px;--awb-border-radius-bottom-left:0px;--awb-flex-wrap:wrap;\" ><div class=\"fusion-builder-row fusion-row fusion-flex-align-items-flex-start fusion-flex-content-wrap\" style=\"max-width:1404px;margin-left: calc(-4% \/ 2 );margin-right: calc(-4% \/ 2 );\"><div class=\"fusion-layout-column fusion_builder_column fusion-builder-column-0 fusion_builder_column_1_1 1_1 fusion-flex-column\" style=\"--awb-bg-size:cover;--awb-width-large:100%;--awb-margin-top-large:0px;--awb-spacing-right-large:1.92%;--awb-margin-bottom-large:20px;--awb-spacing-left-large:1.92%;--awb-width-medium:100%;--awb-order-medium:0;--awb-spacing-right-medium:1.92%;--awb-spacing-left-medium:1.92%;--awb-width-small:100%;--awb-order-small:0;--awb-spacing-right-small:1.92%;--awb-spacing-left-small:1.92%;\"><div class=\"fusion-column-wrapper fusion-column-has-shadow fusion-flex-justify-content-flex-start fusion-content-layout-column\"><div class=\"fusion-title title fusion-title-1 fusion-sep-none fusion-title-text fusion-title-size-two\" style=\"--awb-text-color:var(--awb-custom_color_1);--awb-margin-top-small:10px;--awb-margin-right-small:0px;--awb-margin-bottom-small:10px;--awb-margin-left-small:0px;--awb-font-size:23px;\"><h2 class=\"fusion-title-heading title-heading-left fusion-responsive-typography-calculated\" style=\"margin:0;font-size:1em;--fontSize:23;line-height:var(--awb-typography1-line-height);\">Meddwl Ymlaen<\/h2><\/div><div class=\"fusion-text fusion-text-1\"><p><span style=\"font-weight: 400;\">Yn Crefft Media, rydym yn credu mewn ysbrydoli cenedlaethau\u2019r dyfodol drwy drosglwyddo sgiliau a meithrin creadigrwydd. Yn ddiweddar, buom yn gweithio mewn partneriaeth gyda Meddwl Ymlaen a Barnardo\u2019s Cymru i gyd-gynhyrchu ffilm gyda phobl ifanc dalentog ar draws Gwynedd a M\u00f4n. Roedd y prosiect hwn yn cynnwys hyfforddiant ymarferol mewn gweithredu camera, cyflwyno, cyfweld, a golygu fideo. Cafodd y cyfranogwyr brofiad ymarferol a mentora, gan weithio gyda\u2019n t\u00eem o\u2019r cam sgriptio cychwynnol hyd at weithdai golygu, gan orffen gydag achlysur dangos swyddogol a fynychwyd gan bartneriaid y sector. Mae\u2019r prosiect hwn yn adlewyrchu ein hymrwymiad i rymuso lleisiau ifanc ac annog datblygiad sgiliau o fewn ein cymunedau lleol.    <\/span><\/p>\n<\/div><div class=\"fusion-title title fusion-title-2 fusion-sep-none fusion-title-text fusion-title-size-two\" style=\"--awb-text-color:var(--awb-custom_color_1);--awb-margin-top-small:10px;--awb-margin-right-small:0px;--awb-margin-bottom-small:10px;--awb-margin-left-small:0px;--awb-font-size:23px;\"><h2 class=\"fusion-title-heading title-heading-left fusion-responsive-typography-calculated\" style=\"margin:0;font-size:1em;--fontSize:23;line-height:var(--awb-typography1-line-height);\">TeliM\u00f4n<\/h2><\/div><div class=\"fusion-text fusion-text-2\"><p><span style=\"font-weight: 400;\">Bu Crefft Media yn ganolog i sefydlu, datblygu, a rhedeg TeliM\u00f4n, sianel cynnwys fideo lleol ar-alw ar gyfer Ynys M\u00f4n. Fe\u2019i hariannwyd yn wreiddiol gan LEADER drwy Menter M\u00f4n, ac rydym yn falch o fod wedi llwyddo i dendro i arwain y prosiect peilot cymunedol hwn, gan sefydlu gr\u0175p llywio a chydlynu t\u00eem o weithwyr llawrydd i gynhyrchu cynnwys rheolaidd. Yn ddiweddarach, daeth TeliM\u00f4n yn rhan o S4C Lleol, prosiect arloesol gyda S4C i greu cynnwys arloesol ac ymgysylltiol ar gyfer y sianel. Mae\u2019r bartneriaeth hon yn dangos ein gallu i ddatblygu mentrau cyfryngau deinamig sy\u2019n ateb anghenion cymunedau lleol a chynulleidfaoedd ehangach.   <\/span><\/p>\n<\/div><div class=\"fusion-title title fusion-title-3 fusion-sep-none fusion-title-text fusion-title-size-two\" style=\"--awb-text-color:var(--awb-custom_color_1);--awb-margin-top-small:10px;--awb-margin-right-small:0px;--awb-margin-bottom-small:10px;--awb-margin-left-small:0px;--awb-font-size:23px;\"><h2 class=\"fusion-title-heading title-heading-left fusion-responsive-typography-calculated\" style=\"margin:0;font-size:1em;--fontSize:23;line-height:var(--awb-typography1-line-height);\">Hyfforddiant wedi\u2019i Deilwra a Chefnogaeth i Llawryddion<\/h2><\/div><div class=\"fusion-text fusion-text-3\"><p><span style=\"font-weight: 400;\">Rydym yn cynnig gweithdai hyfforddi wedi\u2019u teilwra a sesiynau un-i-un, wedi\u2019u cynllunio i weddu i unrhyw lefel o brofiad. Os ydych am greu cynnwys cyfryngau cymdeithasol deniadol, dysgu gweithredu camera, neu olygu gan ddefnyddio meddalwedd fel Final Cut Pro, rydym yn dylunio ein hyfforddiant i fod yn ymarferol, yn ddifyr, ac yn berthnasol yn uniongyrchol i\u2019ch anghenion. Y tu hwnt i hyfforddiant, rydym yn darparu profiad gwaith a chyfleoedd proffesiynol, gan gefnogi gweithwyr llawrydd newydd wrth iddynt sefydlu eu hunain yn y diwydiant cyfryngau.  <\/span><\/p>\n<\/div><\/div><\/div><\/div><\/div>\n","protected":false},"excerpt":{"rendered":"","protected":false},"author":1,"featured_media":3229,"parent":0,"menu_order":0,"comment_status":"closed","ping_status":"closed","template":"","meta":{"footnotes":""},"class_list":["post-3009","page","type-page","status-publish","has-post-thumbnail","hentry"],"_links":{"self":[{"href":"https:\/\/crefftmedia.com\/cy\/wp-json\/wp\/v2\/pages\/3009","targetHints":{"allow":["GET"]}}],"collection":[{"href":"https:\/\/crefftmedia.com\/cy\/wp-json\/wp\/v2\/pages"}],"about":[{"href":"https:\/\/crefftmedia.com\/cy\/wp-json\/wp\/v2\/types\/page"}],"author":[{"embeddable":true,"href":"https:\/\/crefftmedia.com\/cy\/wp-json\/wp\/v2\/users\/1"}],"replies":[{"embeddable":true,"href":"https:\/\/crefftmedia.com\/cy\/wp-json\/wp\/v2\/comments?post=3009"}],"version-history":[{"count":2,"href":"https:\/\/crefftmedia.com\/cy\/wp-json\/wp\/v2\/pages\/3009\/revisions"}],"predecessor-version":[{"id":3011,"href":"https:\/\/crefftmedia.com\/cy\/wp-json\/wp\/v2\/pages\/3009\/revisions\/3011"}],"wp:featuredmedia":[{"embeddable":true,"href":"https:\/\/crefftmedia.com\/cy\/wp-json\/wp\/v2\/media\/3229"}],"wp:attachment":[{"href":"https:\/\/crefftmedia.com\/cy\/wp-json\/wp\/v2\/media?parent=3009"}],"curies":[{"name":"wp","href":"https:\/\/api.w.org\/{rel}","templated":true}]}}